{"id":3,"date":"2024-01-03T14:25:04","date_gmt":"2024-01-03T14:25:04","guid":{"rendered":"http:\/\/10.0.0.32\/ppp-ce.org\/?page_id=3"},"modified":"2024-11-15T15:55:41","modified_gmt":"2024-11-15T15:55:41","slug":"politicas-privacidad","status":"publish","type":"page","link":"https:\/\/cloud.lucasian.com\/ppp-ce.org\/politicas-privacidad\/","title":{"rendered":"Pol\u00edticas de privacidad"},"content":{"rendered":"<div class=\"vce-row-container\" data-vce-boxed-width=\"true\"><div class=\"vce-row vce-row--col-gap-30 vce-row-equal-height vce-row-content--top\" id=\"el-2a1b31d9\" data-vce-do-apply=\"all el-2a1b31d9\"><div class=\"vce-row-content\" data-vce-element-content=\"true\"><div class=\"vce-col vce-col--md-auto vce-col--xs-1 vce-col--xs-last vce-col--xs-first vce-col--sm-last vce-col--sm-first vce-col--md-last vce-col--lg-last vce-col--xl-last vce-col--md-first vce-col--lg-first vce-col--xl-first\" id=\"el-f3641eaf\"><div class=\"vce-col-inner\" data-vce-do-apply=\"border margin background  el-f3641eaf\"><div class=\"vce-col-content\" data-vce-element-content=\"true\" data-vce-do-apply=\"padding el-f3641eaf\"><div class=\"vce-text-block\"><div class=\"vce-text-block-wrapper vce\" id=\"el-0bb1f9b9\" data-vce-do-apply=\"all el-0bb1f9b9\"><p><\/p>\n<h2 class=\"wp-block-heading\">Qui\u00e9nes somos<\/h2>\n<p><\/p>\n<p><\/p>\n<p>El sitio web pertenece a la iniciativa PPP de la fundaci\u00f3n ppp\/ce, dedicada a promover la conciencia ecol\u00f3gica y la Propiedad Personal del Pl\u00e1stico. La direcci\u00f3n de nuestro sitio web es: https:\/\/ppp-ce.org.<\/p>\n<p><\/p>\n<p><\/p>\n<h2 class=\"wp-block-heading\">Comentarios<\/h2>\n<p><\/p>\n<p><\/p>\n<p>Cuando los visitantes dejan comentarios en el sitio, recopilamos los datos proporcionados en el formulario de comentarios, junto con la direcci\u00f3n IP del visitante y la cadena de agente de usuario del navegador para ayudar en la detecci\u00f3n de spam.<\/p>\n<p><\/p>\n<p><\/p>\n<p>Una cadena an\u00f3nima creada a partir de tu direcci\u00f3n de correo electr\u00f3nico (tambi\u00e9n conocida como hash) puede ser enviada al servicio Gravatar para verificar si la est\u00e1s utilizando. Puedes consultar la pol\u00edtica de privacidad de Gravatar aqu\u00ed: https:\/\/automattic.com\/privacy\/. Una vez que tu comentario sea aprobado, tu foto de perfil ser\u00e1 visible al p\u00fablico junto con tu comentario.<\/p>\n<p><\/p>\n<p><\/p>\n<h2 class=\"wp-block-heading\">Media<\/h2>\n<p><\/p>\n<p><\/p>\n<p>Si subes im\u00e1genes al sitio web, evita incluir datos de ubicaci\u00f3n incrustados (como EXIF GPS). Los visitantes del sitio pueden descargar y extraer datos de ubicaci\u00f3n de las im\u00e1genes publicadas.<\/p>\n<p><\/p>\n<p><\/p>\n<h2 class=\"wp-block-heading\">Cookies<\/h2>\n<p><\/p>\n<p><\/p>\n<p>Si dejas un comentario en nuestro sitio, puedes optar por guardar tu nombre, direcci\u00f3n de correo electr\u00f3nico y sitio web en cookies. Esto es para tu comodidad, de modo que no tengas que rellenar tus datos nuevamente al dejar otro comentario. Estas cookies tendr\u00e1n una duraci\u00f3n de un a\u00f1o.<\/p>\n<p>Cuando accedas a nuestra p\u00e1gina de inicio de sesi\u00f3n, configuraremos una cookie temporal para determinar si tu navegador acepta cookies. Esta cookie no contiene datos personales y se elimina al cerrar el navegador.<\/p>\n<p>Al iniciar sesi\u00f3n, tambi\u00e9n configuraremos cookies para guardar tu informaci\u00f3n de inicio de sesi\u00f3n y tus preferencias de pantalla. Las cookies de inicio de sesi\u00f3n duran dos d\u00edas y las cookies de opciones de pantalla duran un a\u00f1o. Si seleccionas \"Recordarme\", tu inicio de sesi\u00f3n persistir\u00e1 durante dos semanas. Al cerrar sesi\u00f3n, las cookies de inicio de sesi\u00f3n se eliminar\u00e1n.<\/p>\n<p>Si editas o publicas un art\u00edculo, una cookie adicional ser\u00e1 guardada en tu navegador. Esta cookie no incluye datos personales y solo indica el ID de la publicaci\u00f3n que editaste. Expira en un d\u00eda.<\/p>\n<p><\/p>\n<p><\/p>\n<h2 class=\"wp-block-heading\">Contenido incrustado de otros sitios web<\/h2>\n<p><\/p>\n<p><\/p>\n<p>Los art\u00edculos en este sitio pueden incluir contenido incrustado (por ejemplo, videos, im\u00e1genes, art\u00edculos, etc.). El contenido incrustado de otros sitios web se comporta de la misma manera que si visitaras directamente esos sitios.<\/p>\n<p>Estos sitios pueden recopilar datos sobre ti, usar cookies, incorporar seguimiento adicional de terceros y monitorear tu interacci\u00f3n con el contenido incrustado, incluyendo el seguimiento de tu interacci\u00f3n si tienes una cuenta y has iniciado sesi\u00f3n en ese sitio.<\/p>\n<p><\/p>\n<p><\/p>\n<h2 class=\"wp-block-heading\">Con qui\u00e9n compartimos tus datos<\/h2>\n<p><\/p>\n<p><\/p>\n<p>Si solicitas un restablecimiento de contrase\u00f1a, tu direcci\u00f3n IP ser\u00e1 incluida en el correo de restablecimiento.<\/p>\n<p><\/p>\n<p><\/p>\n<h2 class=\"wp-block-heading\">Cu\u00e1nto tiempo conservamos tus datos<br>\n<\/h2>\n<p><\/p>\n<p><\/p>\n<p>Si dejas un comentario, tanto el comentario como sus metadatos se conservar\u00e1n indefinidamente. Esto nos permite reconocer y aprobar autom\u00e1ticamente cualquier comentario de seguimiento en lugar de mantenerlos en una cola de moderaci\u00f3n.<\/p>\n<p>Para los usuarios que se registren en nuestro sitio web, tambi\u00e9n almacenamos la informaci\u00f3n personal que proporcionen en su perfil de usuario. Todos los usuarios pueden ver, editar o eliminar su informaci\u00f3n personal en cualquier momento (excepto el nombre de usuario). Los administradores del sitio tambi\u00e9n pueden ver y editar esa informaci\u00f3n.<\/p>\n<p><\/p>\n<p><\/p>\n<h2 class=\"wp-block-heading\">Tus derechos sobre tus datos<\/h2>\n<p><\/p>\n<p><\/p>\n<p>Si tienes una cuenta en este sitio o has dejado comentarios, puedes solicitar un archivo exportado de los datos personales que tenemos sobre ti, incluidos los datos que nos hayas proporcionado. Tambi\u00e9n puedes solicitar que eliminemos cualquier dato personal que tengamos sobre ti. Esto no incluye ning\u00fan dato que estemos obligados a conservar con fines administrativos, legales o de seguridad.<\/p>\n<p><\/p>\n<p><\/p>\n<h2 class=\"wp-block-heading\">Ad\u00f3nde enviamos tus datos<\/h2>\n<p><\/p>\n<p><\/p>\n<p>Los comentarios de los visitantes pueden ser revisados a trav\u00e9s de un servicio automatizado de detecci\u00f3n de spam.<\/p>\n<p><\/p>\n<\/div><\/div><\/div><\/div><\/div><\/div><\/div><\/div>","protected":false},"excerpt":{"rendered":"<p>Qui\u00e9nes somos El sitio web pertenece a la iniciativa PPP de la fundaci\u00f3n ppp\/ce, dedicada a promover la conciencia ecol\u00f3gica [&hellip;]<\/p>\n","protected":false},"author":1,"featured_media":0,"parent":0,"menu_order":0,"comment_status":"closed","ping_status":"closed","template":"","meta":{"site-sidebar-layout":"default","site-content-layout":"","ast-site-content-layout":"","site-content-style":"default","site-sidebar-style":"default","ast-global-header-display":"","ast-banner-title-visibility":"","ast-main-header-display":"","ast-hfb-above-header-display":"","ast-hfb-below-header-display":"","ast-hfb-mobile-header-display":"","site-post-title":"","ast-breadcrumbs-content":"","ast-featured-img":"","footer-sml-layout":"","theme-transparent-header-meta":"","adv-header-id-meta":"","stick-header-meta":"","header-above-stick-meta":"","header-main-stick-meta":"","header-below-stick-meta":"","astra-migrate-meta-layouts":"default","ast-page-background-enabled":"default","ast-page-background-meta":{"desktop":{"background-color":"var(--ast-global-color-4)","background-image":"","background-repeat":"repeat","background-position":"center center","background-size":"auto","background-attachment":"scroll","background-type":"","background-media":"","overlay-type":"","overlay-color":"","overlay-opacity":"","overlay-gradient":""},"tablet":{"background-color":"","background-image":"","background-repeat":"repeat","background-position":"center center","background-size":"auto","background-attachment":"scroll","background-type":"","background-media":"","overlay-type":"","overlay-color":"","overlay-opacity":"","overlay-gradient":""},"mobile":{"background-color":"","background-image":"","background-repeat":"repeat","background-position":"center center","background-size":"auto","background-attachment":"scroll","background-type":"","background-media":"","overlay-type":"","overlay-color":"","overlay-opacity":"","overlay-gradient":""}},"ast-content-background-meta":{"desktop":{"background-color":"var(--ast-global-color-5)","background-image":"","background-repeat":"repeat","background-position":"center center","background-size":"auto","background-attachment":"scroll","background-type":"","background-media":"","overlay-type":"","overlay-color":"","overlay-opacity":"","overlay-gradient":""},"tablet":{"background-color":"var(--ast-global-color-5)","background-image":"","background-repeat":"repeat","background-position":"center center","background-size":"auto","background-attachment":"scroll","background-type":"","background-media":"","overlay-type":"","overlay-color":"","overlay-opacity":"","overlay-gradient":""},"mobile":{"background-color":"var(--ast-global-color-5)","background-image":"","background-repeat":"repeat","background-position":"center center","background-size":"auto","background-attachment":"scroll","background-type":"","background-media":"","overlay-type":"","overlay-color":"","overlay-opacity":"","overlay-gradient":""}},"footnotes":""},"_links":{"self":[{"href":"https:\/\/cloud.lucasian.com\/ppp-ce.org\/wp-json\/wp\/v2\/pages\/3"}],"collection":[{"href":"https:\/\/cloud.lucasian.com\/ppp-ce.org\/wp-json\/wp\/v2\/pages"}],"about":[{"href":"https:\/\/cloud.lucasian.com\/ppp-ce.org\/wp-json\/wp\/v2\/types\/page"}],"author":[{"embeddable":true,"href":"https:\/\/cloud.lucasian.com\/ppp-ce.org\/wp-json\/wp\/v2\/users\/1"}],"replies":[{"embeddable":true,"href":"https:\/\/cloud.lucasian.com\/ppp-ce.org\/wp-json\/wp\/v2\/comments?post=3"}],"version-history":[{"count":2,"href":"https:\/\/cloud.lucasian.com\/ppp-ce.org\/wp-json\/wp\/v2\/pages\/3\/revisions"}],"predecessor-version":[{"id":116,"href":"https:\/\/cloud.lucasian.com\/ppp-ce.org\/wp-json\/wp\/v2\/pages\/3\/revisions\/116"}],"wp:attachment":[{"href":"https:\/\/cloud.lucasian.com\/ppp-ce.org\/wp-json\/wp\/v2\/media?parent=3"}],"curies":[{"name":"wp","href":"https:\/\/api.w.org\/{rel}","templated":true}]}}